{"id":2205,"date":"2023-04-04T04:50:15","date_gmt":"2023-04-04T04:50:15","guid":{"rendered":"https:\/\/biopackchile.cl\/?page_id=2205"},"modified":"2023-04-24T18:35:04","modified_gmt":"2023-04-24T18:35:04","slug":"nuestra-empresa","status":"publish","type":"page","link":"https:\/\/biopackchile.cl\/index.php\/nuestra-empresa\/","title":{"rendered":"Nuestra Empresa"},"content":{"rendered":"\t\t<div data-elementor-type=\"wp-page\" data-elementor-id=\"2205\" class=\"elementor elementor-2205\" data-elementor-post-type=\"page\">\n\t\t\t\t\t\t<section class=\"elementor-section elementor-top-section elementor-element elementor-element-3240446 elementor-section-boxed elementor-section-height-default elementor-section-height-default\" data-id=\"3240446\" data-element_type=\"section\" data-e-type=\"section\" data-settings=\"{&quot;jet_parallax_layout_list&quot;:[]}\">\n\t\t\t\t\t\t<div class=\"elementor-container elementor-column-gap-default\">\n\t\t\t\t\t<div class=\"elementor-column elementor-col-100 elementor-top-column elementor-element elementor-element-6ae46f7\" data-id=\"6ae46f7\" data-element_type=\"column\" data-e-type=\"column\">\n\t\t\t<div class=\"elementor-widget-wrap elementor-element-populated\">\n\t\t\t\t\t\t<div class=\"elementor-element elementor-element-b7aabbf elementor-widget elementor-widget-text-editor\" data-id=\"b7aabbf\" data-element_type=\"widget\" data-e-type=\"widget\" data-widget_type=\"text-editor.default\">\n\t\t\t\t<div class=\"elementor-widget-container\">\n\t\t\t\t\t\t\t\t\t<p>Biopack es una empresa familiar que tiene como premisa el Triple Bottom Line, una empresa eficiente en lo econ\u00f3mico y responsable en lo ambiental y lo social, tanto en su \u00e1rea de influencia, como la relaci\u00f3n con sus colaboradores y sus socios comerciales y clientes.<\/p><p>Nuestro objetivo es integrarnos a una econom\u00eda circular y sustentable que genere calidad de vida para todas las personas sin da\u00f1ar el medio ambiente. Creemos firmemente que un mundo mejor es posible y que el desarrollo de nuestra actividad comercial puede contribuir a ello.<\/p><p>Somos una empresa comercializadora de materiales de embalaje de excelente calidad, y nuestra misi\u00f3n es garantizar que la calidad de los productos de nuestros clientes no se vea comprometida durante el proceso de manipulaci\u00f3n, transporte y almacenaje, y llegue a su destino final en \u00f3ptimas condiciones.<\/p>\t\t\t\t\t\t\t\t<\/div>\n\t\t\t\t<\/div>\n\t\t\t\t\t<\/div>\n\t\t<\/div>\n\t\t\t\t\t<\/div>\n\t\t<\/section>\n\t\t\t\t<\/div>\n\t\t","protected":false},"excerpt":{"rendered":"<p>Biopack es una empresa familiar que tiene como premisa el Triple Bottom Line, una empresa eficiente en lo econ\u00f3mico y responsable en lo ambiental y lo social, tanto en su \u00e1rea de influencia, como la relaci\u00f3n con sus colaboradores y sus socios comerciales y clientes. Nuestro objetivo es integrarnos a una econom\u00eda circular y sustentable [&hellip;]<\/p>\n","protected":false},"author":2,"featured_media":0,"parent":0,"menu_order":0,"comment_status":"closed","ping_status":"closed","template":"","meta":{"footnotes":""},"class_list":["post-2205","page","type-page","status-publish","hentry"],"_links":{"self":[{"href":"https:\/\/biopackchile.cl\/index.php\/wp-json\/wp\/v2\/pages\/2205","targetHints":{"allow":["GET"]}}],"collection":[{"href":"https:\/\/biopackchile.cl\/index.php\/wp-json\/wp\/v2\/pages"}],"about":[{"href":"https:\/\/biopackchile.cl\/index.php\/wp-json\/wp\/v2\/types\/page"}],"author":[{"embeddable":true,"href":"https:\/\/biopackchile.cl\/index.php\/wp-json\/wp\/v2\/users\/2"}],"replies":[{"embeddable":true,"href":"https:\/\/biopackchile.cl\/index.php\/wp-json\/wp\/v2\/comments?post=2205"}],"version-history":[{"count":7,"href":"https:\/\/biopackchile.cl\/index.php\/wp-json\/wp\/v2\/pages\/2205\/revisions"}],"predecessor-version":[{"id":2435,"href":"https:\/\/biopackchile.cl\/index.php\/wp-json\/wp\/v2\/pages\/2205\/revisions\/2435"}],"wp:attachment":[{"href":"https:\/\/biopackchile.cl\/index.php\/wp-json\/wp\/v2\/media?parent=2205"}],"curies":[{"name":"wp","href":"https:\/\/api.w.org\/{rel}","templated":true}]}}