{"id":2211,"date":"2023-04-04T05:03:58","date_gmt":"2023-04-04T05:03:58","guid":{"rendered":"https:\/\/biopackchile.cl\/?page_id=2211"},"modified":"2023-04-24T19:17:07","modified_gmt":"2023-04-24T19:17:07","slug":"como-comprar-2","status":"publish","type":"page","link":"https:\/\/biopackchile.cl\/index.php\/como-comprar-2\/","title":{"rendered":"Como Comprar"},"content":{"rendered":"\t\t<div data-elementor-type=\"wp-page\" data-elementor-id=\"2211\" class=\"elementor elementor-2211\" data-elementor-post-type=\"page\">\n\t\t\t\t\t\t<section class=\"elementor-section elementor-top-section elementor-element elementor-element-c37ffc4 elementor-section-boxed elementor-section-height-default elementor-section-height-default\" data-id=\"c37ffc4\" data-element_type=\"section\" data-e-type=\"section\" data-settings=\"{&quot;jet_parallax_layout_list&quot;:[]}\">\n\t\t\t\t\t\t<div class=\"elementor-container elementor-column-gap-default\">\n\t\t\t\t\t<div class=\"elementor-column elementor-col-100 elementor-top-column elementor-element elementor-element-592f5f7\" data-id=\"592f5f7\" data-element_type=\"column\" data-e-type=\"column\">\n\t\t\t<div class=\"elementor-widget-wrap elementor-element-populated\">\n\t\t\t\t\t\t<div class=\"elementor-element elementor-element-1e77cff elementor-widget elementor-widget-text-editor\" data-id=\"1e77cff\" data-element_type=\"widget\" data-e-type=\"widget\" data-widget_type=\"text-editor.default\">\n\t\t\t\t<div class=\"elementor-widget-container\">\n\t\t\t\t\t\t\t\t\t<p>Nuestro mayor inter\u00e9s es brindarle una buena asesor\u00eda a nuestros clientes, de manera que el producto que compren resuelva las necesidades de embalaje que pudiera tener.<\/p><p>En caso de no conocer los productos cont\u00e1ctenos por el medio de su preferencia (correo, whatsapp, llamada Telef\u00f3nica) para conversar acerca de su proyecto y as\u00ed ofrecerle la mejor alternativa.<\/p><p>En caso de saber con precisi\u00f3n el producto que desea puede solicitar una cotizaci\u00f3n formal por estos mismos medios, indic\u00e1ndonos el producto, la cantidad, y los datos para contactarlos. En caso de ser empresa indicar tambi\u00e9n: Nombre, RUT, direcci\u00f3n fiscal y persona de contacto.<\/p>\t\t\t\t\t\t\t\t<\/div>\n\t\t\t\t<\/div>\n\t\t\t\t\t<\/div>\n\t\t<\/div>\n\t\t\t\t\t<\/div>\n\t\t<\/section>\n\t\t\t\t<\/div>\n\t\t","protected":false},"excerpt":{"rendered":"<p>Nuestro mayor inter\u00e9s es brindarle una buena asesor\u00eda a nuestros clientes, de manera que el producto que compren resuelva las necesidades de embalaje que pudiera tener. En caso de no conocer los productos cont\u00e1ctenos por el medio de su preferencia (correo, whatsapp, llamada Telef\u00f3nica) para conversar acerca de su proyecto y as\u00ed ofrecerle la mejor [&hellip;]<\/p>\n","protected":false},"author":2,"featured_media":0,"parent":0,"menu_order":0,"comment_status":"closed","ping_status":"closed","template":"","meta":{"footnotes":""},"class_list":["post-2211","page","type-page","status-publish","hentry"],"_links":{"self":[{"href":"https:\/\/biopackchile.cl\/index.php\/wp-json\/wp\/v2\/pages\/2211","targetHints":{"allow":["GET"]}}],"collection":[{"href":"https:\/\/biopackchile.cl\/index.php\/wp-json\/wp\/v2\/pages"}],"about":[{"href":"https:\/\/biopackchile.cl\/index.php\/wp-json\/wp\/v2\/types\/page"}],"author":[{"embeddable":true,"href":"https:\/\/biopackchile.cl\/index.php\/wp-json\/wp\/v2\/users\/2"}],"replies":[{"embeddable":true,"href":"https:\/\/biopackchile.cl\/index.php\/wp-json\/wp\/v2\/comments?post=2211"}],"version-history":[{"count":7,"href":"https:\/\/biopackchile.cl\/index.php\/wp-json\/wp\/v2\/pages\/2211\/revisions"}],"predecessor-version":[{"id":2439,"href":"https:\/\/biopackchile.cl\/index.php\/wp-json\/wp\/v2\/pages\/2211\/revisions\/2439"}],"wp:attachment":[{"href":"https:\/\/biopackchile.cl\/index.php\/wp-json\/wp\/v2\/media?parent=2211"}],"curies":[{"name":"wp","href":"https:\/\/api.w.org\/{rel}","templated":true}]}}