{"id":2443,"date":"2023-04-24T20:54:39","date_gmt":"2023-04-24T20:54:39","guid":{"rendered":"https:\/\/biopackchile.cl\/?post_type=product&#038;p=2443"},"modified":"2023-04-24T21:01:22","modified_gmt":"2023-04-24T21:01:22","slug":"etiquetadoras-manuales","status":"publish","type":"product","link":"https:\/\/biopackchile.cl\/index.php\/producto\/etiquetadoras-manuales\/","title":{"rendered":"Etiquetadoras manuales"},"content":{"rendered":"<p>Marca MOTEX, de origen koreano. Diferente cantidad de d\u00edgitos alfanum\u00e9ricos, sirve para imprimir precio, fecha de elaboraci\u00f3n, vencimiento y lote.<\/p>\n","protected":false},"excerpt":{"rendered":"<p>Marca MOTEX, de origen koreano. Diferente cantidad de d\u00edgitos alfanum\u00e9ricos, sirve para imprimir precio, fecha de elaboraci\u00f3n, vencimiento y lote.<\/p>\n","protected":false},"featured_media":2444,"comment_status":"closed","ping_status":"closed","template":"","meta":[],"product_brand":[],"product_cat":[161],"product_tag":[],"class_list":{"0":"post-2443","1":"product","2":"type-product","3":"status-publish","4":"has-post-thumbnail","6":"product_cat-etiquetacion","8":"first","9":"instock","10":"taxable","11":"shipping-taxable","12":"product-type-simple"},"_links":{"self":[{"href":"https:\/\/biopackchile.cl\/index.php\/wp-json\/wp\/v2\/product\/2443","targetHints":{"allow":["GET"]}}],"collection":[{"href":"https:\/\/biopackchile.cl\/index.php\/wp-json\/wp\/v2\/product"}],"about":[{"href":"https:\/\/biopackchile.cl\/index.php\/wp-json\/wp\/v2\/types\/product"}],"replies":[{"embeddable":true,"href":"https:\/\/biopackchile.cl\/index.php\/wp-json\/wp\/v2\/comments?post=2443"}],"version-history":[{"count":1,"href":"https:\/\/biopackchile.cl\/index.php\/wp-json\/wp\/v2\/product\/2443\/revisions"}],"predecessor-version":[{"id":2445,"href":"https:\/\/biopackchile.cl\/index.php\/wp-json\/wp\/v2\/product\/2443\/revisions\/2445"}],"wp:featuredmedia":[{"embeddable":true,"href":"https:\/\/biopackchile.cl\/index.php\/wp-json\/wp\/v2\/media\/2444"}],"wp:attachment":[{"href":"https:\/\/biopackchile.cl\/index.php\/wp-json\/wp\/v2\/media?parent=2443"}],"wp:term":[{"taxonomy":"product_brand","embeddable":true,"href":"https:\/\/biopackchile.cl\/index.php\/wp-json\/wp\/v2\/product_brand?post=2443"},{"taxonomy":"product_cat","embeddable":true,"href":"https:\/\/biopackchile.cl\/index.php\/wp-json\/wp\/v2\/product_cat?post=2443"},{"taxonomy":"product_tag","embeddable":true,"href":"https:\/\/biopackchile.cl\/index.php\/wp-json\/wp\/v2\/product_tag?post=2443"}],"curies":[{"name":"wp","href":"https:\/\/api.w.org\/{rel}","templated":true}]}}