{"id":2446,"date":"2023-04-24T21:16:35","date_gmt":"2023-04-24T21:16:35","guid":{"rendered":"https:\/\/biopackchile.cl\/?post_type=product&#038;p=2446"},"modified":"2023-04-25T21:19:11","modified_gmt":"2023-04-25T21:19:11","slug":"rollo-plastico-burbuja","status":"publish","type":"product","link":"https:\/\/biopackchile.cl\/index.php\/producto\/rollo-plastico-burbuja\/","title":{"rendered":"Rollo pl\u00e1stico burbuja"},"content":{"rendered":"<p>Sirve para proteger productos fr\u00e1giles de impactos o vibraciones que pudiera deteriorarlos.\u00a0 Tambi\u00e9n puede ser utilizado como aislante de ruido o fr\u00edo. Es liviano, y est\u00e1 hecho con materia prima reciclada.<\/p>\n","protected":false},"excerpt":{"rendered":"<p>Sirve para proteger productos fr\u00e1giles de impactos o vibraciones que pudiera deteriorarlos.\u00a0 Tambi\u00e9n puede ser utilizado como aislante de ruido o fr\u00edo. Es liviano, y est\u00e1 hecho con materia prima reciclada.<\/p>\n","protected":false},"featured_media":2447,"comment_status":"closed","ping_status":"closed","template":"","meta":[],"product_brand":[],"product_cat":[166],"product_tag":[],"class_list":{"0":"post-2446","1":"product","2":"type-product","3":"status-publish","4":"has-post-thumbnail","6":"product_cat-productos-de-plastico","8":"first","9":"instock","10":"taxable","11":"shipping-taxable","12":"product-type-simple"},"_links":{"self":[{"href":"https:\/\/biopackchile.cl\/index.php\/wp-json\/wp\/v2\/product\/2446","targetHints":{"allow":["GET"]}}],"collection":[{"href":"https:\/\/biopackchile.cl\/index.php\/wp-json\/wp\/v2\/product"}],"about":[{"href":"https:\/\/biopackchile.cl\/index.php\/wp-json\/wp\/v2\/types\/product"}],"replies":[{"embeddable":true,"href":"https:\/\/biopackchile.cl\/index.php\/wp-json\/wp\/v2\/comments?post=2446"}],"version-history":[{"count":1,"href":"https:\/\/biopackchile.cl\/index.php\/wp-json\/wp\/v2\/product\/2446\/revisions"}],"predecessor-version":[{"id":2448,"href":"https:\/\/biopackchile.cl\/index.php\/wp-json\/wp\/v2\/product\/2446\/revisions\/2448"}],"wp:featuredmedia":[{"embeddable":true,"href":"https:\/\/biopackchile.cl\/index.php\/wp-json\/wp\/v2\/media\/2447"}],"wp:attachment":[{"href":"https:\/\/biopackchile.cl\/index.php\/wp-json\/wp\/v2\/media?parent=2446"}],"wp:term":[{"taxonomy":"product_brand","embeddable":true,"href":"https:\/\/biopackchile.cl\/index.php\/wp-json\/wp\/v2\/product_brand?post=2446"},{"taxonomy":"product_cat","embeddable":true,"href":"https:\/\/biopackchile.cl\/index.php\/wp-json\/wp\/v2\/product_cat?post=2446"},{"taxonomy":"product_tag","embeddable":true,"href":"https:\/\/biopackchile.cl\/index.php\/wp-json\/wp\/v2\/product_tag?post=2446"}],"curies":[{"name":"wp","href":"https:\/\/api.w.org\/{rel}","templated":true}]}}