{"id":2449,"date":"2023-04-24T21:22:13","date_gmt":"2023-04-24T21:22:13","guid":{"rendered":"https:\/\/biopackchile.cl\/?post_type=product&#038;p=2449"},"modified":"2023-04-24T21:28:14","modified_gmt":"2023-04-24T21:28:14","slug":"esquineros-de-carton","status":"publish","type":"product","link":"https:\/\/biopackchile.cl\/index.php\/producto\/esquineros-de-carton\/","title":{"rendered":"Esquineros de Cart\u00f3n"},"content":{"rendered":"<p>Sirven para proteger los bordes y v\u00e9rtices de las cajas de la tensi\u00f3n aplicada por el zuncho en el caso de los pallets, tambi\u00e9n le da estabilidad a la carga. Son elaborados con materiales reciclados y son 100% biodegradables. Vienen de diferentes medidas de largo: 1 ; 1,5 ; 2 mts.<\/p>\n","protected":false},"excerpt":{"rendered":"<p>Sirven para proteger los bordes y v\u00e9rtices de las cajas de la tensi\u00f3n aplicada por el zuncho en el caso de los pallets, tambi\u00e9n le da estabilidad a la carga. Son elaborados con materiales reciclados y son 100% biodegradables. Vienen de diferentes medidas de largo: 1 ; 1,5 ; 2 mts.<\/p>\n","protected":false},"featured_media":2450,"comment_status":"closed","ping_status":"closed","template":"","meta":[],"product_brand":[],"product_cat":[158],"product_tag":[],"class_list":{"0":"post-2449","1":"product","2":"type-product","3":"status-publish","4":"has-post-thumbnail","6":"product_cat-carton-y-papel","8":"first","9":"instock","10":"taxable","11":"shipping-taxable","12":"product-type-simple"},"_links":{"self":[{"href":"https:\/\/biopackchile.cl\/index.php\/wp-json\/wp\/v2\/product\/2449","targetHints":{"allow":["GET"]}}],"collection":[{"href":"https:\/\/biopackchile.cl\/index.php\/wp-json\/wp\/v2\/product"}],"about":[{"href":"https:\/\/biopackchile.cl\/index.php\/wp-json\/wp\/v2\/types\/product"}],"replies":[{"embeddable":true,"href":"https:\/\/biopackchile.cl\/index.php\/wp-json\/wp\/v2\/comments?post=2449"}],"version-history":[{"count":1,"href":"https:\/\/biopackchile.cl\/index.php\/wp-json\/wp\/v2\/product\/2449\/revisions"}],"predecessor-version":[{"id":2451,"href":"https:\/\/biopackchile.cl\/index.php\/wp-json\/wp\/v2\/product\/2449\/revisions\/2451"}],"wp:featuredmedia":[{"embeddable":true,"href":"https:\/\/biopackchile.cl\/index.php\/wp-json\/wp\/v2\/media\/2450"}],"wp:attachment":[{"href":"https:\/\/biopackchile.cl\/index.php\/wp-json\/wp\/v2\/media?parent=2449"}],"wp:term":[{"taxonomy":"product_brand","embeddable":true,"href":"https:\/\/biopackchile.cl\/index.php\/wp-json\/wp\/v2\/product_brand?post=2449"},{"taxonomy":"product_cat","embeddable":true,"href":"https:\/\/biopackchile.cl\/index.php\/wp-json\/wp\/v2\/product_cat?post=2449"},{"taxonomy":"product_tag","embeddable":true,"href":"https:\/\/biopackchile.cl\/index.php\/wp-json\/wp\/v2\/product_tag?post=2449"}],"curies":[{"name":"wp","href":"https:\/\/api.w.org\/{rel}","templated":true}]}}