{"id":2452,"date":"2023-04-24T21:23:43","date_gmt":"2023-04-24T21:23:43","guid":{"rendered":"https:\/\/biopackchile.cl\/?post_type=product&#038;p=2452"},"modified":"2023-04-24T21:26:45","modified_gmt":"2023-04-24T21:26:45","slug":"rollo-de-carton-corrugado","status":"publish","type":"product","link":"https:\/\/biopackchile.cl\/index.php\/producto\/rollo-de-carton-corrugado\/","title":{"rendered":"Rollo de cart\u00f3n corrugado"},"content":{"rendered":"<p>Fabricado con materia prima reciclada es ideal para la protecci\u00f3n de mercanc\u00eda contra golpes o rayones, tambi\u00e9n para productos fr\u00e1giles que van dentro de cajas. Es econ\u00f3mico y liviano, y 100% biodegradable. Viene en rollos de diferentes anchos y largos.<\/p>\n","protected":false},"excerpt":{"rendered":"<p>Fabricado con materia prima reciclada es ideal para la protecci\u00f3n de mercanc\u00eda contra golpes o rayones, tambi\u00e9n para productos fr\u00e1giles que van dentro de cajas. Es econ\u00f3mico y liviano, y 100% biodegradable. Viene en rollos de diferentes anchos y largos.<\/p>\n","protected":false},"featured_media":2453,"comment_status":"closed","ping_status":"closed","template":"","meta":[],"product_brand":[],"product_cat":[158],"product_tag":[],"class_list":{"0":"post-2452","1":"product","2":"type-product","3":"status-publish","4":"has-post-thumbnail","6":"product_cat-carton-y-papel","8":"first","9":"instock","10":"taxable","11":"shipping-taxable","12":"product-type-simple"},"_links":{"self":[{"href":"https:\/\/biopackchile.cl\/index.php\/wp-json\/wp\/v2\/product\/2452","targetHints":{"allow":["GET"]}}],"collection":[{"href":"https:\/\/biopackchile.cl\/index.php\/wp-json\/wp\/v2\/product"}],"about":[{"href":"https:\/\/biopackchile.cl\/index.php\/wp-json\/wp\/v2\/types\/product"}],"replies":[{"embeddable":true,"href":"https:\/\/biopackchile.cl\/index.php\/wp-json\/wp\/v2\/comments?post=2452"}],"version-history":[{"count":1,"href":"https:\/\/biopackchile.cl\/index.php\/wp-json\/wp\/v2\/product\/2452\/revisions"}],"predecessor-version":[{"id":2454,"href":"https:\/\/biopackchile.cl\/index.php\/wp-json\/wp\/v2\/product\/2452\/revisions\/2454"}],"wp:featuredmedia":[{"embeddable":true,"href":"https:\/\/biopackchile.cl\/index.php\/wp-json\/wp\/v2\/media\/2453"}],"wp:attachment":[{"href":"https:\/\/biopackchile.cl\/index.php\/wp-json\/wp\/v2\/media?parent=2452"}],"wp:term":[{"taxonomy":"product_brand","embeddable":true,"href":"https:\/\/biopackchile.cl\/index.php\/wp-json\/wp\/v2\/product_brand?post=2452"},{"taxonomy":"product_cat","embeddable":true,"href":"https:\/\/biopackchile.cl\/index.php\/wp-json\/wp\/v2\/product_cat?post=2452"},{"taxonomy":"product_tag","embeddable":true,"href":"https:\/\/biopackchile.cl\/index.php\/wp-json\/wp\/v2\/product_tag?post=2452"}],"curies":[{"name":"wp","href":"https:\/\/api.w.org\/{rel}","templated":true}]}}