{"id":2455,"date":"2023-04-24T22:59:19","date_gmt":"2023-04-24T22:59:19","guid":{"rendered":"https:\/\/biopackchile.cl\/?post_type=product&#038;p=2455"},"modified":"2023-04-24T23:15:42","modified_gmt":"2023-04-24T23:15:42","slug":"film-manual","status":"publish","type":"product","link":"https:\/\/biopackchile.cl\/index.php\/producto\/film-manual\/","title":{"rendered":"Film Manual"},"content":{"rendered":"<p>De 20 micras de espesor y 50cm de ancho, su mayor atributo es la capacidad de estiramiento.\u00a0 Tiene una amplia variedad de usos en embalaje, para proteger la mercanc\u00eda de agentes da\u00f1inos externos como humedad, polvo, calor, entre otros. Adem\u00e1s se utiliza para dar firmeza a los pallets ya que compacta y sujeta la mercanc\u00eda. Viene transparente y en diferentes colores, en cajas de 6 unidades.<\/p>\n","protected":false},"excerpt":{"rendered":"<p>De 20 micras de espesor y 50cm de ancho, su mayor atributo es la capacidad de estiramiento.\u00a0 Tiene una amplia variedad de usos en embalaje, para proteger la mercanc\u00eda de agentes da\u00f1inos externos como humedad, polvo, calor, entre otros. Adem\u00e1s se utiliza para dar firmeza a los pallets ya que compacta y sujeta la mercanc\u00eda. [&hellip;]<\/p>\n","protected":false},"featured_media":2457,"comment_status":"closed","ping_status":"closed","template":"","meta":[],"product_brand":[],"product_cat":[164],"product_tag":[],"class_list":{"0":"post-2455","1":"product","2":"type-product","3":"status-publish","4":"has-post-thumbnail","6":"product_cat-film-stretch","8":"first","9":"instock","10":"taxable","11":"shipping-taxable","12":"product-type-simple"},"_links":{"self":[{"href":"https:\/\/biopackchile.cl\/index.php\/wp-json\/wp\/v2\/product\/2455","targetHints":{"allow":["GET"]}}],"collection":[{"href":"https:\/\/biopackchile.cl\/index.php\/wp-json\/wp\/v2\/product"}],"about":[{"href":"https:\/\/biopackchile.cl\/index.php\/wp-json\/wp\/v2\/types\/product"}],"replies":[{"embeddable":true,"href":"https:\/\/biopackchile.cl\/index.php\/wp-json\/wp\/v2\/comments?post=2455"}],"version-history":[{"count":1,"href":"https:\/\/biopackchile.cl\/index.php\/wp-json\/wp\/v2\/product\/2455\/revisions"}],"predecessor-version":[{"id":2456,"href":"https:\/\/biopackchile.cl\/index.php\/wp-json\/wp\/v2\/product\/2455\/revisions\/2456"}],"wp:featuredmedia":[{"embeddable":true,"href":"https:\/\/biopackchile.cl\/index.php\/wp-json\/wp\/v2\/media\/2457"}],"wp:attachment":[{"href":"https:\/\/biopackchile.cl\/index.php\/wp-json\/wp\/v2\/media?parent=2455"}],"wp:term":[{"taxonomy":"product_brand","embeddable":true,"href":"https:\/\/biopackchile.cl\/index.php\/wp-json\/wp\/v2\/product_brand?post=2455"},{"taxonomy":"product_cat","embeddable":true,"href":"https:\/\/biopackchile.cl\/index.php\/wp-json\/wp\/v2\/product_cat?post=2455"},{"taxonomy":"product_tag","embeddable":true,"href":"https:\/\/biopackchile.cl\/index.php\/wp-json\/wp\/v2\/product_tag?post=2455"}],"curies":[{"name":"wp","href":"https:\/\/api.w.org\/{rel}","templated":true}]}}