{"id":2461,"date":"2023-04-24T23:38:00","date_gmt":"2023-04-24T23:38:00","guid":{"rendered":"https:\/\/biopackchile.cl\/?post_type=product&#038;p=2461"},"modified":"2023-04-24T23:43:30","modified_gmt":"2023-04-24T23:43:30","slug":"sellos-zuncho-pet","status":"publish","type":"product","link":"https:\/\/biopackchile.cl\/index.php\/producto\/sellos-zuncho-pet\/","title":{"rendered":"Sellos Zuncho PET"},"content":{"rendered":"<p>Fabricados de l\u00e1mina de acero galvanizado de diferentes anchos y espesores, adem\u00e1s de ser dentados. Se utilizan para garantizar la tensi\u00f3n y sujeci\u00f3n del zuncho.<\/p>\n","protected":false},"excerpt":{"rendered":"<p>Fabricados de l\u00e1mina de acero galvanizado de diferentes anchos y espesores, adem\u00e1s de ser dentados. Se utilizan para garantizar la tensi\u00f3n y sujeci\u00f3n del zuncho.<\/p>\n","protected":false},"featured_media":2463,"comment_status":"closed","ping_status":"closed","template":"","meta":[],"product_brand":[],"product_cat":[150,157],"product_tag":[],"class_list":{"0":"post-2461","1":"product","2":"type-product","3":"status-publish","4":"has-post-thumbnail","6":"product_cat-poliester-pet","7":"product_cat-zunchos","9":"first","10":"instock","11":"taxable","12":"shipping-taxable","13":"product-type-simple"},"_links":{"self":[{"href":"https:\/\/biopackchile.cl\/index.php\/wp-json\/wp\/v2\/product\/2461","targetHints":{"allow":["GET"]}}],"collection":[{"href":"https:\/\/biopackchile.cl\/index.php\/wp-json\/wp\/v2\/product"}],"about":[{"href":"https:\/\/biopackchile.cl\/index.php\/wp-json\/wp\/v2\/types\/product"}],"replies":[{"embeddable":true,"href":"https:\/\/biopackchile.cl\/index.php\/wp-json\/wp\/v2\/comments?post=2461"}],"version-history":[{"count":1,"href":"https:\/\/biopackchile.cl\/index.php\/wp-json\/wp\/v2\/product\/2461\/revisions"}],"predecessor-version":[{"id":2462,"href":"https:\/\/biopackchile.cl\/index.php\/wp-json\/wp\/v2\/product\/2461\/revisions\/2462"}],"wp:featuredmedia":[{"embeddable":true,"href":"https:\/\/biopackchile.cl\/index.php\/wp-json\/wp\/v2\/media\/2463"}],"wp:attachment":[{"href":"https:\/\/biopackchile.cl\/index.php\/wp-json\/wp\/v2\/media?parent=2461"}],"wp:term":[{"taxonomy":"product_brand","embeddable":true,"href":"https:\/\/biopackchile.cl\/index.php\/wp-json\/wp\/v2\/product_brand?post=2461"},{"taxonomy":"product_cat","embeddable":true,"href":"https:\/\/biopackchile.cl\/index.php\/wp-json\/wp\/v2\/product_cat?post=2461"},{"taxonomy":"product_tag","embeddable":true,"href":"https:\/\/biopackchile.cl\/index.php\/wp-json\/wp\/v2\/product_tag?post=2461"}],"curies":[{"name":"wp","href":"https:\/\/api.w.org\/{rel}","templated":true}]}}