{"id":2464,"date":"2023-04-24T23:43:47","date_gmt":"2023-04-24T23:43:47","guid":{"rendered":"https:\/\/biopackchile.cl\/?post_type=product&#038;p=2464"},"modified":"2023-05-02T19:45:32","modified_gmt":"2023-05-02T19:45:32","slug":"tensador-sellador-pet","status":"publish","type":"product","link":"https:\/\/biopackchile.cl\/index.php\/producto\/tensador-sellador-pet\/","title":{"rendered":"Tensador-Sellador PET"},"content":{"rendered":"<p>Son las dos herramientas necesarias para realizar la tensi\u00f3n y el posterior sellado del zuncho de poli\u00e9ster. Se venden en conjunto o por separado, seg\u00fan las necesidades del cliente.<\/p>\n","protected":false},"excerpt":{"rendered":"<p>Son las dos herramientas necesarias para realizar la tensi\u00f3n y el posterior sellado del zuncho de poli\u00e9ster. Se venden en conjunto o por separado, seg\u00fan las necesidades del cliente.<\/p>\n","protected":false},"featured_media":2465,"comment_status":"closed","ping_status":"closed","template":"","meta":[],"product_brand":[],"product_cat":[150,157],"product_tag":[],"class_list":{"0":"post-2464","1":"product","2":"type-product","3":"status-publish","4":"has-post-thumbnail","6":"product_cat-poliester-pet","7":"product_cat-zunchos","9":"first","10":"instock","11":"taxable","12":"shipping-taxable","13":"product-type-simple"},"_links":{"self":[{"href":"https:\/\/biopackchile.cl\/index.php\/wp-json\/wp\/v2\/product\/2464","targetHints":{"allow":["GET"]}}],"collection":[{"href":"https:\/\/biopackchile.cl\/index.php\/wp-json\/wp\/v2\/product"}],"about":[{"href":"https:\/\/biopackchile.cl\/index.php\/wp-json\/wp\/v2\/types\/product"}],"replies":[{"embeddable":true,"href":"https:\/\/biopackchile.cl\/index.php\/wp-json\/wp\/v2\/comments?post=2464"}],"version-history":[{"count":4,"href":"https:\/\/biopackchile.cl\/index.php\/wp-json\/wp\/v2\/product\/2464\/revisions"}],"predecessor-version":[{"id":2540,"href":"https:\/\/biopackchile.cl\/index.php\/wp-json\/wp\/v2\/product\/2464\/revisions\/2540"}],"wp:featuredmedia":[{"embeddable":true,"href":"https:\/\/biopackchile.cl\/index.php\/wp-json\/wp\/v2\/media\/2465"}],"wp:attachment":[{"href":"https:\/\/biopackchile.cl\/index.php\/wp-json\/wp\/v2\/media?parent=2464"}],"wp:term":[{"taxonomy":"product_brand","embeddable":true,"href":"https:\/\/biopackchile.cl\/index.php\/wp-json\/wp\/v2\/product_brand?post=2464"},{"taxonomy":"product_cat","embeddable":true,"href":"https:\/\/biopackchile.cl\/index.php\/wp-json\/wp\/v2\/product_cat?post=2464"},{"taxonomy":"product_tag","embeddable":true,"href":"https:\/\/biopackchile.cl\/index.php\/wp-json\/wp\/v2\/product_tag?post=2464"}],"curies":[{"name":"wp","href":"https:\/\/api.w.org\/{rel}","templated":true}]}}