{"id":2467,"date":"2023-04-24T23:47:17","date_gmt":"2023-04-24T23:47:17","guid":{"rendered":"https:\/\/biopackchile.cl\/?post_type=product&#038;p=2467"},"modified":"2023-04-24T23:51:11","modified_gmt":"2023-04-24T23:51:11","slug":"zuncho-poliester-pet","status":"publish","type":"product","link":"https:\/\/biopackchile.cl\/index.php\/producto\/zuncho-poliester-pet\/","title":{"rendered":"Zuncho Poli\u00e9ster (PET)"},"content":{"rendered":"<p>Es un zuncho de alta resistencia, comparable al acero, con mayores ventajas como flexibilidad, costo, seguridad en la manipulaci\u00f3n. Muy usado en la industria forestal, frut\u00edcola, metal\u00fargica y retail. Tiene la propiedad de tener memoria el\u00e1stica. Viene en diferentes medidas y espesores seg\u00fan el requerimiento de la carga a transportar.<\/p>\n","protected":false},"excerpt":{"rendered":"<p>Es un zuncho de alta resistencia, comparable al acero, con mayores ventajas como flexibilidad, costo, seguridad en la manipulaci\u00f3n. Muy usado en la industria forestal, frut\u00edcola, metal\u00fargica y retail. Tiene la propiedad de tener memoria el\u00e1stica. Viene en diferentes medidas y espesores seg\u00fan el requerimiento de la carga a transportar.<\/p>\n","protected":false},"featured_media":2469,"comment_status":"closed","ping_status":"closed","template":"","meta":[],"product_brand":[],"product_cat":[150,157],"product_tag":[],"class_list":{"0":"post-2467","1":"product","2":"type-product","3":"status-publish","4":"has-post-thumbnail","6":"product_cat-poliester-pet","7":"product_cat-zunchos","9":"first","10":"instock","11":"taxable","12":"shipping-taxable","13":"product-type-simple"},"_links":{"self":[{"href":"https:\/\/biopackchile.cl\/index.php\/wp-json\/wp\/v2\/product\/2467","targetHints":{"allow":["GET"]}}],"collection":[{"href":"https:\/\/biopackchile.cl\/index.php\/wp-json\/wp\/v2\/product"}],"about":[{"href":"https:\/\/biopackchile.cl\/index.php\/wp-json\/wp\/v2\/types\/product"}],"replies":[{"embeddable":true,"href":"https:\/\/biopackchile.cl\/index.php\/wp-json\/wp\/v2\/comments?post=2467"}],"version-history":[{"count":1,"href":"https:\/\/biopackchile.cl\/index.php\/wp-json\/wp\/v2\/product\/2467\/revisions"}],"predecessor-version":[{"id":2468,"href":"https:\/\/biopackchile.cl\/index.php\/wp-json\/wp\/v2\/product\/2467\/revisions\/2468"}],"wp:featuredmedia":[{"embeddable":true,"href":"https:\/\/biopackchile.cl\/index.php\/wp-json\/wp\/v2\/media\/2469"}],"wp:attachment":[{"href":"https:\/\/biopackchile.cl\/index.php\/wp-json\/wp\/v2\/media?parent=2467"}],"wp:term":[{"taxonomy":"product_brand","embeddable":true,"href":"https:\/\/biopackchile.cl\/index.php\/wp-json\/wp\/v2\/product_brand?post=2467"},{"taxonomy":"product_cat","embeddable":true,"href":"https:\/\/biopackchile.cl\/index.php\/wp-json\/wp\/v2\/product_cat?post=2467"},{"taxonomy":"product_tag","embeddable":true,"href":"https:\/\/biopackchile.cl\/index.php\/wp-json\/wp\/v2\/product_tag?post=2467"}],"curies":[{"name":"wp","href":"https:\/\/api.w.org\/{rel}","templated":true}]}}