{"id":2479,"date":"2023-04-25T00:05:47","date_gmt":"2023-04-25T00:05:47","guid":{"rendered":"https:\/\/biopackchile.cl\/?post_type=product&#038;p=2479"},"modified":"2023-04-25T00:09:51","modified_gmt":"2023-04-25T00:09:51","slug":"sellos-zuncho-pp","status":"publish","type":"product","link":"https:\/\/biopackchile.cl\/index.php\/producto\/sellos-zuncho-pp\/","title":{"rendered":"Sellos Zuncho PP"},"content":{"rendered":"<p>Fabricados de l\u00e1mina de acero galvanizado de diferentes anchos y espesores. Se utilizan para garantizar la tensi\u00f3n y sujeci\u00f3n del zuncho.<\/p>\n","protected":false},"excerpt":{"rendered":"<p>Fabricados de l\u00e1mina de acero galvanizado de diferentes anchos y espesores. Se utilizan para garantizar la tensi\u00f3n y sujeci\u00f3n del zuncho.<\/p>\n","protected":false},"featured_media":2480,"comment_status":"closed","ping_status":"closed","template":"","meta":[],"product_brand":[],"product_cat":[149,157],"product_tag":[],"class_list":{"0":"post-2479","1":"product","2":"type-product","3":"status-publish","4":"has-post-thumbnail","6":"product_cat-polipropileno-pp-zunchos","7":"product_cat-zunchos","9":"first","10":"instock","11":"taxable","12":"shipping-taxable","13":"product-type-simple"},"_links":{"self":[{"href":"https:\/\/biopackchile.cl\/index.php\/wp-json\/wp\/v2\/product\/2479","targetHints":{"allow":["GET"]}}],"collection":[{"href":"https:\/\/biopackchile.cl\/index.php\/wp-json\/wp\/v2\/product"}],"about":[{"href":"https:\/\/biopackchile.cl\/index.php\/wp-json\/wp\/v2\/types\/product"}],"replies":[{"embeddable":true,"href":"https:\/\/biopackchile.cl\/index.php\/wp-json\/wp\/v2\/comments?post=2479"}],"version-history":[{"count":1,"href":"https:\/\/biopackchile.cl\/index.php\/wp-json\/wp\/v2\/product\/2479\/revisions"}],"predecessor-version":[{"id":2481,"href":"https:\/\/biopackchile.cl\/index.php\/wp-json\/wp\/v2\/product\/2479\/revisions\/2481"}],"wp:featuredmedia":[{"embeddable":true,"href":"https:\/\/biopackchile.cl\/index.php\/wp-json\/wp\/v2\/media\/2480"}],"wp:attachment":[{"href":"https:\/\/biopackchile.cl\/index.php\/wp-json\/wp\/v2\/media?parent=2479"}],"wp:term":[{"taxonomy":"product_brand","embeddable":true,"href":"https:\/\/biopackchile.cl\/index.php\/wp-json\/wp\/v2\/product_brand?post=2479"},{"taxonomy":"product_cat","embeddable":true,"href":"https:\/\/biopackchile.cl\/index.php\/wp-json\/wp\/v2\/product_cat?post=2479"},{"taxonomy":"product_tag","embeddable":true,"href":"https:\/\/biopackchile.cl\/index.php\/wp-json\/wp\/v2\/product_tag?post=2479"}],"curies":[{"name":"wp","href":"https:\/\/api.w.org\/{rel}","templated":true}]}}