{"id":2501,"date":"2023-04-25T19:56:14","date_gmt":"2023-04-25T19:56:14","guid":{"rendered":"https:\/\/biopackchile.cl\/?post_type=product&#038;p=2501"},"modified":"2023-04-25T20:41:36","modified_gmt":"2023-04-25T20:41:36","slug":"sellos-zuncho-de-acero","status":"publish","type":"product","link":"https:\/\/biopackchile.cl\/index.php\/producto\/sellos-zuncho-de-acero\/","title":{"rendered":"Sellos Zuncho de acero"},"content":{"rendered":"<p>Son los encargados de realizar la sujeci\u00f3n del zuncho para evitar que el mismo pierda la tensi\u00f3n. Fabricados en l\u00e1mina galvanizada de diferentes anchos y espesores seg\u00fan el requerimiento que se necesite.<\/p>\n","protected":false},"excerpt":{"rendered":"<p>Son los encargados de realizar la sujeci\u00f3n del zuncho para evitar que el mismo pierda la tensi\u00f3n. Fabricados en l\u00e1mina galvanizada de diferentes anchos y espesores seg\u00fan el requerimiento que se necesite.<\/p>\n","protected":false},"featured_media":2502,"comment_status":"closed","ping_status":"closed","template":"","meta":[],"product_brand":[],"product_cat":[147,157],"product_tag":[],"class_list":{"0":"post-2501","1":"product","2":"type-product","3":"status-publish","4":"has-post-thumbnail","6":"product_cat-acero-esmaltado","7":"product_cat-zunchos","9":"first","10":"instock","11":"taxable","12":"shipping-taxable","13":"product-type-simple"},"_links":{"self":[{"href":"https:\/\/biopackchile.cl\/index.php\/wp-json\/wp\/v2\/product\/2501","targetHints":{"allow":["GET"]}}],"collection":[{"href":"https:\/\/biopackchile.cl\/index.php\/wp-json\/wp\/v2\/product"}],"about":[{"href":"https:\/\/biopackchile.cl\/index.php\/wp-json\/wp\/v2\/types\/product"}],"replies":[{"embeddable":true,"href":"https:\/\/biopackchile.cl\/index.php\/wp-json\/wp\/v2\/comments?post=2501"}],"version-history":[{"count":3,"href":"https:\/\/biopackchile.cl\/index.php\/wp-json\/wp\/v2\/product\/2501\/revisions"}],"predecessor-version":[{"id":2505,"href":"https:\/\/biopackchile.cl\/index.php\/wp-json\/wp\/v2\/product\/2501\/revisions\/2505"}],"wp:featuredmedia":[{"embeddable":true,"href":"https:\/\/biopackchile.cl\/index.php\/wp-json\/wp\/v2\/media\/2502"}],"wp:attachment":[{"href":"https:\/\/biopackchile.cl\/index.php\/wp-json\/wp\/v2\/media?parent=2501"}],"wp:term":[{"taxonomy":"product_brand","embeddable":true,"href":"https:\/\/biopackchile.cl\/index.php\/wp-json\/wp\/v2\/product_brand?post=2501"},{"taxonomy":"product_cat","embeddable":true,"href":"https:\/\/biopackchile.cl\/index.php\/wp-json\/wp\/v2\/product_cat?post=2501"},{"taxonomy":"product_tag","embeddable":true,"href":"https:\/\/biopackchile.cl\/index.php\/wp-json\/wp\/v2\/product_tag?post=2501"}],"curies":[{"name":"wp","href":"https:\/\/api.w.org\/{rel}","templated":true}]}}